{"id":1108,"date":"2013-04-04T23:13:40","date_gmt":"2013-04-04T23:13:40","guid":{"rendered":"http:\/\/www.kriesi.at\/themes\/enfold\/?page_id=1108"},"modified":"2023-04-12T15:06:06","modified_gmt":"2023-04-12T15:06:06","slug":"home-v2-3-col-images-contact","status":"publish","type":"page","link":"https:\/\/szugajew-agri.pl\/","title":{"rendered":"Home"},"content":{"rendered":"<div id='layer_slider_1'  class='avia-layerslider main_color avia-shadow  avia-builder-el-0  el_before_av_image  avia-builder-el-first  container_wrap fullsize' style='  height: 501px;' ><\/div><div id='after_layer_slider_1'  class='main_color av_default_container_wrap container_wrap fullsize' style=' '  ><div class='container' ><div class='template-page content  av-content-full alpha units'><div class='post-entry post-entry-type-page post-entry-1108'><div class='entry-content-wrapper clearfix'>\n<div  class='avia-image-container  av-styling-    avia-builder-el-1  el_after_av_layerslider  el_before_av_section  avia-builder-el-no-sibling  avia-align-center '  itemprop=\"image\" itemscope=\"itemscope\" itemtype=\"https:\/\/schema.org\/ImageObject\"  ><div class='avia-image-container-inner'><div class='avia-image-overlay-wrap'><img class='wp-image-0 avia-img-lazy-loading-not-0 avia_image' src='https:\/\/szugajew-agri.pl\/wp-content\/uploads\/2017\/12\/Szugajew-800x500.jpg' alt='' title=''   itemprop=\"thumbnailUrl\"  \/><\/div><\/div><\/div>\n<\/div><\/div><\/div><!-- close content main div --><\/div><\/div><div id='av_section_1'  class='avia-section alternate_color avia-section-large avia-no-shadow  avia-bg-style-scroll  avia-builder-el-2  el_after_av_image  el_before_av_one_full   container_wrap fullsize' style=' '  ><div class='container' ><div class='template-page content  av-content-full alpha units'><div class='post-entry post-entry-type-page post-entry-1108'><div class='entry-content-wrapper clearfix'>\n<div class=\"flex_column av_one_fourth  flex_column_div first  avia-builder-el-3  el_before_av_one_fourth  avia-builder-el-first  \" ><article  class=\"iconbox iconbox_left    avia-builder-el-4  avia-builder-el-no-sibling  \"  itemscope=\"itemscope\" itemtype=\"https:\/\/schema.org\/CreativeWork\" ><div class=\"iconbox_content\"><header class=\"entry-content-header\"><a href='https:\/\/szugajew-agri.pl\/?page_id=3270' title='O nas'  class=\"iconbox_icon heading-color\" aria-hidden='true' data-av_icon='\ue81f' data-av_iconfont='entypo-fontello'  style='background-color:#a8d04c; border:1px solid #a8d04c; color:#ffffff; ' ><\/a><h3 class='iconbox_content_title  '  itemprop=\"headline\"  ><a href='https:\/\/szugajew-agri.pl\/?page_id=3270' title='O nas' >O nas<\/a><\/h3><\/header><div class='iconbox_content_container  '  itemprop=\"text\"  ><p>Firma Szugajew Agri powsta\u0142a w 1992 roku. Od pocz\u0105tku swojej dzia\u0142alno\u015bci zajmuje si\u0119 sprzeda\u017c\u0105 system\u00f3w sortuj\u0105cych, pakuj\u0105cych oraz etykietuj\u0105cych do owoc\u00f3w i warzyw&#8230;<\/p>\n<div  class='avia-button-wrap avia-button-center  avia-builder-el-5  avia-builder-el-no-sibling ' ><a href='https:\/\/szugajew-agri.pl\/?page_id=3270'  class='avia-button   avia-icon_select-yes-left-icon avia-size-small avia-position-center '  style='background-color:#a9d043; border-color:#a9d043; color:#ffffff; ' ><span class='avia_button_icon avia_button_icon_left ' aria-hidden='true' data-av_icon='\ue81f' data-av_iconfont='entypo-fontello'><\/span><span class='avia_iconbox_title' >Wi\u0119cej<\/span><\/a><\/div>\n<\/div><\/div><footer class=\"entry-footer\"><\/footer><\/article><\/div><div class=\"flex_column av_one_fourth  flex_column_div   avia-builder-el-6  el_after_av_one_fourth  el_before_av_one_fourth  \" ><article  class=\"iconbox iconbox_left    avia-builder-el-7  avia-builder-el-no-sibling  \"  itemscope=\"itemscope\" itemtype=\"https:\/\/schema.org\/CreativeWork\" ><div class=\"iconbox_content\"><header class=\"entry-content-header\"><div class=\"iconbox_icon heading-color\" aria-hidden='true' data-av_icon='\ue8b1' data-av_iconfont='entypo-fontello'  style='background-color:#a8d04c; border:1px solid #a8d04c; color:#ffffff; ' ><\/div><h3 class='iconbox_content_title  '  itemprop=\"headline\"  >Produkty<\/h3><\/header><div class='iconbox_content_container  '  itemprop=\"text\"  ><p>Maszyny sortuj\u0105ce GREEFA,\u00a0 pre-grading &#8211; wst\u0119pne sortowanie, maszyny pakuj\u0105ce, zaawansowane linie pakuj\u0105ce, systemy etykietowania owoc\u00f3w, systemy zarz\u0105dzania&#8230;<\/p>\n<div  class='avia-button-wrap avia-button-center  avia-builder-el-8  avia-builder-el-no-sibling ' ><a href='https:\/\/szugajew-agri.pl\/?page_id=731'  class='avia-button   avia-icon_select-yes-left-icon avia-size-small avia-position-center '  style='background-color:#a9d043; border-color:#a9d043; color:#ffffff; ' ><span class='avia_button_icon avia_button_icon_left ' aria-hidden='true' data-av_icon='\ue8b1' data-av_iconfont='entypo-fontello'><\/span><span class='avia_iconbox_title' >Wi\u0119cej<\/span><\/a><\/div>\n<\/div><\/div><footer class=\"entry-footer\"><\/footer><\/article><\/div><div class=\"flex_column av_one_fourth  flex_column_div   avia-builder-el-9  el_after_av_one_fourth  el_before_av_one_fourth  \" ><article  class=\"iconbox iconbox_left    avia-builder-el-10  avia-builder-el-no-sibling  \"  itemscope=\"itemscope\" itemtype=\"https:\/\/schema.org\/CreativeWork\" ><div class=\"iconbox_content\"><header class=\"entry-content-header\"><div class=\"iconbox_icon heading-color\" aria-hidden='true' data-av_icon='\ue812' data-av_iconfont='entypo-fontello'  style='background-color:#a8d04c; border:1px solid #a8d04c; color:#ffffff; ' ><\/div><h3 class='iconbox_content_title  '  itemprop=\"headline\"  >Realizacje<\/h3><\/header><div class='iconbox_content_container  '  itemprop=\"text\"  ><p>Najwi\u0119ksze realizacje w Polsce, ponad 20 makro instalacji, ponad 100 elektronicznych maszyn sortuj\u0105cych, ponad 20 maszyn do sortowania pomidor\u00f3w i wiele wi\u0119cej&#8230;<\/p>\n<div  class='avia-button-wrap avia-button-center  avia-builder-el-11  avia-builder-el-no-sibling ' ><a href=''  class='avia-button   avia-icon_select-yes-left-icon avia-size-small avia-position-center '  style='background-color:#a9d043; border-color:#a9d043; color:#ffffff; ' ><span class='avia_button_icon avia_button_icon_left ' aria-hidden='true' data-av_icon='\ue812' data-av_iconfont='entypo-fontello'><\/span><span class='avia_iconbox_title' >Wi\u0119cej<\/span><\/a><\/div>\n<\/div><\/div><footer class=\"entry-footer\"><\/footer><\/article><\/div><div class=\"flex_column av_one_fourth  flex_column_div   avia-builder-el-12  el_after_av_one_fourth  avia-builder-el-last  \" ><article  class=\"iconbox iconbox_left    avia-builder-el-13  avia-builder-el-no-sibling  \"  itemscope=\"itemscope\" itemtype=\"https:\/\/schema.org\/CreativeWork\" ><div class=\"iconbox_content\"><header class=\"entry-content-header\"><div class=\"iconbox_icon heading-color\" aria-hidden='true' data-av_icon='\ue856' data-av_iconfont='entypo-fontello'  style='background-color:#a8d04c; border:1px solid #a8d04c; color:#ffffff; ' ><\/div><h3 class='iconbox_content_title  '  itemprop=\"headline\"  >Serwis<\/h3><\/header><div class='iconbox_content_container  '  itemprop=\"text\"  ><p>Firma Szugajew-Agri \u015bwiadczy us\u0142ugi serwisowe gwarancyjne,\u00a0 pogwarancyjne, przegl\u0105dy techniczne i konserwacj\u0119 maszyn na terenie ca\u0142ego kraju&#8230;<\/p>\n<div  class='avia-button-wrap avia-button-center  avia-builder-el-14  avia-builder-el-no-sibling ' ><a href='https:\/\/szugajew-agri.pl\/?page_id=3553'  class='avia-button   avia-icon_select-yes-left-icon avia-size-small avia-position-center '  style='background-color:#a9d043; border-color:#a9d043; color:#ffffff; ' ><span class='avia_button_icon avia_button_icon_left ' aria-hidden='true' data-av_icon='\ue856' data-av_iconfont='entypo-fontello'><\/span><span class='avia_iconbox_title' >Wi\u0119cej<\/span><\/a><\/div>\n<\/div><\/div><footer class=\"entry-footer\"><\/footer><\/article><\/div>\n<\/div><\/div><\/div><!-- close content main div --><\/div><\/div><div id='after_section_1'  class='main_color av_default_container_wrap container_wrap fullsize' style=' '  ><div class='container' ><div class='template-page content  av-content-full alpha units'><div class='post-entry post-entry-type-page post-entry-1108'><div class='entry-content-wrapper clearfix'>\n<div class=\"flex_column av_one_full  flex_column_div first  avia-builder-el-15  el_after_av_section  el_before_av_hr  avia-builder-el-first  \" ><div  id=\"1\"  class='av-magazine   avia-builder-el-16  avia-builder-el-no-sibling   av-magazine-top-bar-active av-magazine-tabs-active' ><div class='av-magazine-top-bar ' ><a href='https:\/\/szugajew-agri.pl\/?page_id=3665' class='av-magazine-top-heading '>Aktualno\u015bci<\/a><\/div><div class='av-magazine-group sort_all'><article class='av-magazine-entry av-magazine-entry-id-4093 av-magazine-format-standard av-magazine-type-post av-magazine-entry-1 av-magazine-entry-small '  itemscope=\"itemscope\" itemtype=\"https:\/\/schema.org\/CreativeWork\" ><div class='av-magazine-thumbnail'><a href='https:\/\/szugajew-agri.pl\/?p=4093' title='Link to: TSW &#8211; Targi sadownictwa i warzywnictwa' class='iconfont av-magazine-entry-icon' aria-hidden='true' data-av_icon='\ue836' data-av_iconfont='entypo-fontello'><\/a><\/div><div class='av-magazine-content-wrap'><header class='entry-content-header'><time class='av-magazine-time updated'  itemprop=\"datePublished\" datetime=\"2019-11-28T16:36:13+00:00\" >28 listopada, 2019<\/time><h3 class='av-magazine-title entry-title '  itemprop=\"headline\" ><a href='https:\/\/szugajew-agri.pl\/?p=4093' title='Link to: TSW &#8211; Targi sadownictwa i warzywnictwa'>TSW &#8211; Targi sadownictwa i warzywnictwa<\/a><\/h3><\/header><\/div><footer class='entry-footer'><\/footer><\/article><article class='av-magazine-entry av-magazine-entry-id-3902 av-magazine-format-link av-magazine-type-post av-magazine-entry-2 av-magazine-entry-small '  itemscope=\"itemscope\" itemtype=\"https:\/\/schema.org\/CreativeWork\" ><div class='av-magazine-thumbnail'><a href='https:\/\/szugajew-agri.pl\/?p=3902' title='Link to: Targi Fruit Logistica Berlin 2020' class='iconfont av-magazine-entry-icon' aria-hidden='true' data-av_icon='\ue822' data-av_iconfont='entypo-fontello'><\/a><\/div><div class='av-magazine-content-wrap'><header class='entry-content-header'><time class='av-magazine-time updated'  itemprop=\"datePublished\" datetime=\"2019-10-21T12:36:58+00:00\" >21 pa\u017adziernika, 2019<\/time><h3 class='av-magazine-title entry-title '  itemprop=\"headline\" ><a href='https:\/\/szugajew-agri.pl\/?p=3902' title='Link to: Targi Fruit Logistica Berlin 2020'>Targi Fruit Logistica Berlin 2020<\/a><\/h3><\/header><\/div><footer class='entry-footer'><\/footer><\/article><article class='av-magazine-entry av-magazine-entry-id-3776 av-magazine-format-standard av-magazine-type-post av-magazine-entry-3 av-magazine-entry-small '  itemscope=\"itemscope\" itemtype=\"https:\/\/schema.org\/CreativeWork\" ><div class='av-magazine-thumbnail'><a href='https:\/\/szugajew-agri.pl\/?p=3776' title='Link to: Z wizyt\u0105 w fabryce maszyn sortuj\u0105cych GREEFA' class='iconfont av-magazine-entry-icon' aria-hidden='true' data-av_icon='\ue836' data-av_iconfont='entypo-fontello'><\/a><\/div><div class='av-magazine-content-wrap'><header class='entry-content-header'><time class='av-magazine-time updated'  itemprop=\"datePublished\" datetime=\"2015-04-29T11:43:26+00:00\" >29 kwietnia, 2015<\/time><h3 class='av-magazine-title entry-title '  itemprop=\"headline\" ><a href='https:\/\/szugajew-agri.pl\/?p=3776' title='Link to: Z wizyt\u0105 w fabryce maszyn sortuj\u0105cych GREEFA'>Z wizyt\u0105 w fabryce maszyn sortuj\u0105cych GREEFA<\/a><\/h3><\/header><\/div><footer class='entry-footer'><\/footer><\/article><\/div><\/div><\/div>\n<div   class='hr hr-default   avia-builder-el-17  el_after_av_one_full  el_before_av_one_full '><span class='hr-inner ' ><span class='hr-inner-style'><\/span><\/span><\/div>\n<div class=\"flex_column av_one_full  flex_column_div first  avia-builder-el-18  el_after_av_hr  avia-builder-el-last  \" ><div   data-autoplay='true'  data-interval='4'  data-animation='slide'  class='avia-logo-element-container av-border-deactivate avia-logo-slider avia-content-slider avia-smallarrow-slider avia-content-slider-active noHover avia-content-slider1 avia-content-slider-odd  avia-builder-el-19  avia-builder-el-no-sibling  ' ><div class='avia-smallarrow-slider-heading  no-logo-slider-navigation '><div class='new-special-heading'><h3 class=''>Generalny dystrybutor<\/h3><\/div><\/div><div class='avia-content-slider-inner'><div class='slide-entry-wrap' ><div  class='slide-entry flex_column no_margin post-entry slide-entry-overview slide-loop-1 slide-parity-odd  av_one_fifth first real-thumbnail'><span class='av-partner-fake-img' style='padding-bottom:50%; background-image:url(https:\/\/szugajew-agri.pl\/wp-content\/uploads\/2013\/04\/greefa.png);'><\/span><\/div><div  class='slide-entry flex_column no_margin post-entry slide-entry-overview slide-loop-2 slide-parity-even  av_one_fifth  real-thumbnail'><span class='av-partner-fake-img' style='padding-bottom:50%; background-image:url(https:\/\/szugajew-agri.pl\/wp-content\/uploads\/2013\/04\/longobardi.png);'><\/span><\/div><div  class='slide-entry flex_column no_margin post-entry slide-entry-overview slide-loop-3 slide-parity-odd  av_one_fifth  real-thumbnail'><span class='av-partner-fake-img' style='padding-bottom:50%; background-image:url(https:\/\/szugajew-agri.pl\/wp-content\/uploads\/2013\/04\/burg.png);'><\/span><\/div><div  class='slide-entry flex_column no_margin post-entry slide-entry-overview slide-loop-4 slide-parity-even  av_one_fifth  real-thumbnail'><span class='av-partner-fake-img' style='padding-bottom:50%; background-image:url(https:\/\/szugajew-agri.pl\/wp-content\/uploads\/2013\/04\/affeldt.png);'><\/span><\/div><div  class='slide-entry flex_column no_margin post-entry slide-entry-overview slide-loop-5 slide-parity-odd  av_one_fifth  real-thumbnail'><\/div><\/div><div class='slide-entry-wrap' ><div  class='slide-entry flex_column no_margin post-entry slide-entry-overview slide-loop-6 slide-parity-odd  av_one_fifth first real-thumbnail'><\/div><div  class='slide-entry flex_column no_margin post-entry slide-entry-overview slide-loop-7 slide-parity-even  post-entry-last  av_one_fifth  real-thumbnail'><\/div><\/div><\/div><\/div><\/div>\n","protected":false},"excerpt":{"rendered":"<p>This is a Page excerpt. It will be displayed for search results<\/p>\n","protected":false},"author":1,"featured_media":0,"parent":0,"menu_order":0,"comment_status":"open","ping_status":"open","template":"","meta":{"footnotes":""},"_links":{"self":[{"href":"https:\/\/szugajew-agri.pl\/index.php?rest_route=\/wp\/v2\/pages\/1108"}],"collection":[{"href":"https:\/\/szugajew-agri.pl\/index.php?rest_route=\/wp\/v2\/pages"}],"about":[{"href":"https:\/\/szugajew-agri.pl\/index.php?rest_route=\/wp\/v2\/types\/page"}],"author":[{"embeddable":true,"href":"https:\/\/szugajew-agri.pl\/index.php?rest_route=\/wp\/v2\/users\/1"}],"replies":[{"embeddable":true,"href":"https:\/\/szugajew-agri.pl\/index.php?rest_route=%2Fwp%2Fv2%2Fcomments&post=1108"}],"version-history":[{"count":52,"href":"https:\/\/szugajew-agri.pl\/index.php?rest_route=\/wp\/v2\/pages\/1108\/revisions"}],"predecessor-version":[{"id":4117,"href":"https:\/\/szugajew-agri.pl\/index.php?rest_route=\/wp\/v2\/pages\/1108\/revisions\/4117"}],"wp:attachment":[{"href":"https:\/\/szugajew-agri.pl\/index.php?rest_route=%2Fwp%2Fv2%2Fmedia&parent=1108"}],"curies":[{"name":"wp","href":"https:\/\/api.w.org\/{rel}","templated":true}]}}