{"id":4063,"date":"2019-11-05T15:16:32","date_gmt":"2019-11-05T15:16:32","guid":{"rendered":"http:\/\/szugajew-agri.pl\/?page_id=4063"},"modified":"2023-11-21T11:28:05","modified_gmt":"2023-11-21T11:28:05","slug":"market-2","status":"publish","type":"page","link":"https:\/\/szugajew-agri.pl\/?page_id=4063","title":{"rendered":"Maszyny u\u017cywane"},"content":{"rendered":"<section class=\"av_textblock_section \"  itemscope=\"itemscope\" itemtype=\"https:\/\/schema.org\/CreativeWork\" ><div class='avia_textblock  '   itemprop=\"text\" ><p>W naszej ofercie znajdziecie Pa\u0144stwo r\u00f3wnie\u017c maszyny u\u017cywane. Pragniemy podkre\u015bli\u0107, \u017ce wszystkie u\u017cywane urz\u0105dzenia, zanim trafi\u0105 do u\u017cytkownika, poddawane s\u0105 szczeg\u00f3\u0142owemu przegl\u0105dowi, dokonywane s\u0105 wszelkie prace konserwacyjno-remontowe \u0142\u0105cznie z wymian\u0105 niezb\u0119dnych cz\u0119\u015bci i element\u00f3w.<\/p>\n<\/div><\/section>\n<section class=\"av_textblock_section \"  itemscope=\"itemscope\" itemtype=\"https:\/\/schema.org\/CreativeWork\" ><div class='avia_textblock  '   itemprop=\"text\" ><p><strong>\u00a0 \u00a0 \u00a0 \u00a0 \u00a0\u00a0<\/strong><\/p>\n<pre>\n<\/pre>\n<p>Sortownica Greefa MSE 2000 cztero\u015bcie\u017ckowa do jab\u0142ek i gruszek fok 2003. Parametry sortowania rozmiar i kolor. 9 wyj\u015b\u0107 aktywnych, po pe\u0142nym przegl\u0105dzie. <strong>Cena 185 000 PLN netto<\/strong><br \/>\n<a href=\"https:\/\/szugajew-agri.pl\/wp-content\/uploads\/2023\/10\/IMG_8235-scaled.jpg\"><img loading=\"lazy\" decoding=\"async\" class=\"alignleft size-large wp-image-4286\" src=\"https:\/\/szugajew-agri.pl\/wp-content\/uploads\/2023\/10\/IMG_8235-1030x773.jpg\" alt=\"\" width=\"1030\" height=\"773\" srcset=\"https:\/\/szugajew-agri.pl\/wp-content\/uploads\/2023\/10\/IMG_8235-1030x773.jpg 1030w, https:\/\/szugajew-agri.pl\/wp-content\/uploads\/2023\/10\/IMG_8235-300x225.jpg 300w, https:\/\/szugajew-agri.pl\/wp-content\/uploads\/2023\/10\/IMG_8235-768x576.jpg 768w, https:\/\/szugajew-agri.pl\/wp-content\/uploads\/2023\/10\/IMG_8235-1536x1152.jpg 1536w, https:\/\/szugajew-agri.pl\/wp-content\/uploads\/2023\/10\/IMG_8235-2048x1536.jpg 2048w, https:\/\/szugajew-agri.pl\/wp-content\/uploads\/2023\/10\/IMG_8235-1500x1125.jpg 1500w, https:\/\/szugajew-agri.pl\/wp-content\/uploads\/2023\/10\/IMG_8235-705x529.jpg 705w\" sizes=\"(max-width: 1030px) 100vw, 1030px\" \/><\/a><br \/>\n<a href=\"https:\/\/szugajew-agri.pl\/wp-content\/uploads\/2023\/10\/IMG_8236-scaled.jpg\"><img loading=\"lazy\" decoding=\"async\" class=\"alignleft size-large wp-image-4287\" src=\"https:\/\/szugajew-agri.pl\/wp-content\/uploads\/2023\/10\/IMG_8236-1030x773.jpg\" alt=\"\" width=\"1030\" height=\"773\" srcset=\"https:\/\/szugajew-agri.pl\/wp-content\/uploads\/2023\/10\/IMG_8236-1030x773.jpg 1030w, https:\/\/szugajew-agri.pl\/wp-content\/uploads\/2023\/10\/IMG_8236-300x225.jpg 300w, https:\/\/szugajew-agri.pl\/wp-content\/uploads\/2023\/10\/IMG_8236-768x576.jpg 768w, https:\/\/szugajew-agri.pl\/wp-content\/uploads\/2023\/10\/IMG_8236-1536x1152.jpg 1536w, https:\/\/szugajew-agri.pl\/wp-content\/uploads\/2023\/10\/IMG_8236-2048x1536.jpg 2048w, https:\/\/szugajew-agri.pl\/wp-content\/uploads\/2023\/10\/IMG_8236-1500x1125.jpg 1500w, https:\/\/szugajew-agri.pl\/wp-content\/uploads\/2023\/10\/IMG_8236-705x529.jpg 705w\" sizes=\"(max-width: 1030px) 100vw, 1030px\" \/><\/a><\/p>\n<p><a href=\"https:\/\/szugajew-agri.pl\/wp-content\/uploads\/2023\/10\/IMG_8237-scaled.jpg\"><img loading=\"lazy\" decoding=\"async\" class=\"alignleft size-large wp-image-4288\" src=\"https:\/\/szugajew-agri.pl\/wp-content\/uploads\/2023\/10\/IMG_8237-1030x773.jpg\" alt=\"\" width=\"1030\" height=\"773\" srcset=\"https:\/\/szugajew-agri.pl\/wp-content\/uploads\/2023\/10\/IMG_8237-1030x773.jpg 1030w, https:\/\/szugajew-agri.pl\/wp-content\/uploads\/2023\/10\/IMG_8237-300x225.jpg 300w, https:\/\/szugajew-agri.pl\/wp-content\/uploads\/2023\/10\/IMG_8237-768x576.jpg 768w, https:\/\/szugajew-agri.pl\/wp-content\/uploads\/2023\/10\/IMG_8237-1536x1152.jpg 1536w, https:\/\/szugajew-agri.pl\/wp-content\/uploads\/2023\/10\/IMG_8237-2048x1536.jpg 2048w, https:\/\/szugajew-agri.pl\/wp-content\/uploads\/2023\/10\/IMG_8237-1500x1125.jpg 1500w, https:\/\/szugajew-agri.pl\/wp-content\/uploads\/2023\/10\/IMG_8237-705x529.jpg 705w\" sizes=\"(max-width: 1030px) 100vw, 1030px\" \/><\/a><\/p>\n<p><a href=\"https:\/\/szugajew-agri.pl\/wp-content\/uploads\/2023\/10\/IMG_8238-scaled.jpg\"><img loading=\"lazy\" decoding=\"async\" class=\"alignleft size-large wp-image-4289\" src=\"https:\/\/szugajew-agri.pl\/wp-content\/uploads\/2023\/10\/IMG_8238-1030x773.jpg\" alt=\"\" width=\"1030\" height=\"773\" srcset=\"https:\/\/szugajew-agri.pl\/wp-content\/uploads\/2023\/10\/IMG_8238-1030x773.jpg 1030w, https:\/\/szugajew-agri.pl\/wp-content\/uploads\/2023\/10\/IMG_8238-300x225.jpg 300w, https:\/\/szugajew-agri.pl\/wp-content\/uploads\/2023\/10\/IMG_8238-768x576.jpg 768w, https:\/\/szugajew-agri.pl\/wp-content\/uploads\/2023\/10\/IMG_8238-1536x1152.jpg 1536w, https:\/\/szugajew-agri.pl\/wp-content\/uploads\/2023\/10\/IMG_8238-2048x1536.jpg 2048w, https:\/\/szugajew-agri.pl\/wp-content\/uploads\/2023\/10\/IMG_8238-1500x1125.jpg 1500w, https:\/\/szugajew-agri.pl\/wp-content\/uploads\/2023\/10\/IMG_8238-705x529.jpg 705w\" sizes=\"(max-width: 1030px) 100vw, 1030px\" \/><\/a><\/p>\n<p><a href=\"https:\/\/szugajew-agri.pl\/wp-content\/uploads\/2023\/10\/IMG_8239-scaled.jpg\"><img loading=\"lazy\" decoding=\"async\" class=\"alignleft size-large wp-image-4290\" src=\"https:\/\/szugajew-agri.pl\/wp-content\/uploads\/2023\/10\/IMG_8239-1030x773.jpg\" alt=\"\" width=\"1030\" height=\"773\" srcset=\"https:\/\/szugajew-agri.pl\/wp-content\/uploads\/2023\/10\/IMG_8239-1030x773.jpg 1030w, https:\/\/szugajew-agri.pl\/wp-content\/uploads\/2023\/10\/IMG_8239-300x225.jpg 300w, https:\/\/szugajew-agri.pl\/wp-content\/uploads\/2023\/10\/IMG_8239-768x576.jpg 768w, https:\/\/szugajew-agri.pl\/wp-content\/uploads\/2023\/10\/IMG_8239-1536x1152.jpg 1536w, https:\/\/szugajew-agri.pl\/wp-content\/uploads\/2023\/10\/IMG_8239-2048x1536.jpg 2048w, https:\/\/szugajew-agri.pl\/wp-content\/uploads\/2023\/10\/IMG_8239-1500x1125.jpg 1500w, https:\/\/szugajew-agri.pl\/wp-content\/uploads\/2023\/10\/IMG_8239-705x529.jpg 705w\" sizes=\"(max-width: 1030px) 100vw, 1030px\" \/><\/a><\/p>\n<p><a href=\"https:\/\/szugajew-agri.pl\/wp-content\/uploads\/2023\/10\/IMG_8240-scaled.jpg\"><img loading=\"lazy\" decoding=\"async\" class=\"alignleft size-large wp-image-4291\" src=\"https:\/\/szugajew-agri.pl\/wp-content\/uploads\/2023\/10\/IMG_8240-1030x773.jpg\" alt=\"\" width=\"1030\" height=\"773\" srcset=\"https:\/\/szugajew-agri.pl\/wp-content\/uploads\/2023\/10\/IMG_8240-1030x773.jpg 1030w, https:\/\/szugajew-agri.pl\/wp-content\/uploads\/2023\/10\/IMG_8240-300x225.jpg 300w, https:\/\/szugajew-agri.pl\/wp-content\/uploads\/2023\/10\/IMG_8240-768x576.jpg 768w, https:\/\/szugajew-agri.pl\/wp-content\/uploads\/2023\/10\/IMG_8240-1536x1152.jpg 1536w, https:\/\/szugajew-agri.pl\/wp-content\/uploads\/2023\/10\/IMG_8240-2048x1536.jpg 2048w, https:\/\/szugajew-agri.pl\/wp-content\/uploads\/2023\/10\/IMG_8240-1500x1125.jpg 1500w, https:\/\/szugajew-agri.pl\/wp-content\/uploads\/2023\/10\/IMG_8240-705x529.jpg 705w\" sizes=\"(max-width: 1030px) 100vw, 1030px\" \/><\/a><\/p>\n<p><a href=\"https:\/\/szugajew-agri.pl\/wp-content\/uploads\/2023\/10\/IMG_8241-scaled.jpg\"><img loading=\"lazy\" decoding=\"async\" class=\"alignleft size-large wp-image-4292\" src=\"https:\/\/szugajew-agri.pl\/wp-content\/uploads\/2023\/10\/IMG_8241-1030x773.jpg\" alt=\"\" width=\"1030\" height=\"773\" srcset=\"https:\/\/szugajew-agri.pl\/wp-content\/uploads\/2023\/10\/IMG_8241-1030x773.jpg 1030w, https:\/\/szugajew-agri.pl\/wp-content\/uploads\/2023\/10\/IMG_8241-300x225.jpg 300w, https:\/\/szugajew-agri.pl\/wp-content\/uploads\/2023\/10\/IMG_8241-768x576.jpg 768w, https:\/\/szugajew-agri.pl\/wp-content\/uploads\/2023\/10\/IMG_8241-1536x1152.jpg 1536w, https:\/\/szugajew-agri.pl\/wp-content\/uploads\/2023\/10\/IMG_8241-2048x1536.jpg 2048w, https:\/\/szugajew-agri.pl\/wp-content\/uploads\/2023\/10\/IMG_8241-1500x1125.jpg 1500w, https:\/\/szugajew-agri.pl\/wp-content\/uploads\/2023\/10\/IMG_8241-705x529.jpg 705w\" sizes=\"(max-width: 1030px) 100vw, 1030px\" \/><\/a><\/p>\n<p><a href=\"https:\/\/szugajew-agri.pl\/wp-content\/uploads\/2023\/10\/IMG_8242-scaled.jpg\"><img loading=\"lazy\" decoding=\"async\" class=\"alignleft size-large wp-image-4293\" src=\"https:\/\/szugajew-agri.pl\/wp-content\/uploads\/2023\/10\/IMG_8242-1030x773.jpg\" alt=\"\" width=\"1030\" height=\"773\" srcset=\"https:\/\/szugajew-agri.pl\/wp-content\/uploads\/2023\/10\/IMG_8242-1030x773.jpg 1030w, https:\/\/szugajew-agri.pl\/wp-content\/uploads\/2023\/10\/IMG_8242-300x225.jpg 300w, https:\/\/szugajew-agri.pl\/wp-content\/uploads\/2023\/10\/IMG_8242-768x576.jpg 768w, https:\/\/szugajew-agri.pl\/wp-content\/uploads\/2023\/10\/IMG_8242-1536x1152.jpg 1536w, https:\/\/szugajew-agri.pl\/wp-content\/uploads\/2023\/10\/IMG_8242-2048x1536.jpg 2048w, https:\/\/szugajew-agri.pl\/wp-content\/uploads\/2023\/10\/IMG_8242-1500x1125.jpg 1500w, https:\/\/szugajew-agri.pl\/wp-content\/uploads\/2023\/10\/IMG_8242-705x529.jpg 705w\" sizes=\"(max-width: 1030px) 100vw, 1030px\" \/><\/a><\/p>\n<\/div><\/section>\n<div class=\"flex_column av_one_third  flex_column_div first  avia-builder-el-2  el_after_av_textblock  el_before_av_one_half  column-top-margin\" ><section class=\"av_textblock_section \"  itemscope=\"itemscope\" itemtype=\"https:\/\/schema.org\/CreativeWork\" ><div class='avia_textblock  '   itemprop=\"text\" ><div class=\"av-special-heading av-special-heading-h3 custom-color-heading avia-builder-el-10 el_before_av_textblock avia-builder-el-first \">\n<p class=\"av-special-heading-tag\"><strong>Szugajew Agri<\/strong><br \/>\nKr\u00f3lewska 50<br \/>\n05-822 Milan\u00f3wek<br \/>\ntel.: 22 755-87-51,<br \/>\ntel.: 22 724-57-65,<br \/>\nfax: 22 755-88-22,<br \/>\ne-mail: piotrkaminski@szugajew-agri.pl<\/p>\n<\/div>\n<\/div><\/section><br \/>\n<div   class='hr hr-default   avia-builder-el-4  el_after_av_textblock  el_before_av_contact '><span class='hr-inner ' ><span class='hr-inner-style'><\/span><\/span><\/div><br \/>\n<form action=\"https:\/\/szugajew-agri.pl\/?page_id=4063\" method=\"post\"  class=\"avia_ajax_form av-form-labels-visible   avia-builder-el-5  el_after_av_hr  avia-builder-el-last   \" data-avia-form-id=\"1\" data-avia-redirect='' ><h3 class=''>Zapytanie<\/h3><fieldset><p class='  first_form  form_element form_fullwidth' id='element_avia_1_1'><label for=\"avia_1_1\">Imi\u0119 i nazwisko <abbr class=\"required\" title=\"required\">*<\/abbr><\/label> <input name=\"avia_1_1\" class=\"text_input is_empty\" type=\"text\" id=\"avia_1_1\" value=\"\" \/><\/p><p class='  first_form  form_element form_element_half' id='element_avia_2_1'><label for=\"avia_2_1\">E-Mail <abbr class=\"required\" title=\"required\">*<\/abbr><\/label> <input name=\"avia_2_1\" class=\"text_input is_email\" type=\"text\" id=\"avia_2_1\" value=\"\" \/><\/p><p class='  form_element form_element_half' id='element_avia_3_1'><label for=\"avia_3_1\">Telefon <abbr class=\"required\" title=\"required\">*<\/abbr><\/label> <input name=\"avia_3_1\" class=\"text_input is_phone\" type=\"text\" id=\"avia_3_1\" value=\"\" \/><\/p><p class='  first_form  form_element form_fullwidth av-last-visible-form-element' id='element_avia_4_1'><label for=\"avia_4_1\" class=\"textare_label hidden textare_label_avia_4_1\">Tre\u015b\u0107 zapytania <abbr class=\"required\" title=\"required\">*<\/abbr><\/label><textarea  name=\"avia_4_1\" class=\"text_area is_empty\" cols=\"40\" rows=\"7\" id=\"avia_4_1\" ><\/textarea><\/p><p class=\"hidden\"><input type=\"text\" name=\"avia_5_1\" class=\"hidden \" id=\"avia_5_1\" value=\"\" \/><\/p><p class=\"form_element \"><input type=\"hidden\" value=\"1\" name=\"avia_generated_form1\" \/><input type=\"submit\" value=\"Wy\u015blij\" class=\"button\"  data-sending-label=\"Trwa wysy\u0142anie...\"\/><\/p><\/fieldset><\/form><div id=\"ajaxresponse_1\" class=\"ajaxresponse ajaxresponse_1 hidden\"><\/div><\/p><\/div>\n<div class=\"flex_column av_one_half  flex_column_div   avia-builder-el-6  el_after_av_one_third  el_before_av_one_third  column-top-margin\" ><\/div>\n<div class=\"flex_column av_one_third  flex_column_div first  avia-builder-el-7  el_after_av_one_half  el_before_av_one_third  column-top-margin\" ><\/div>\n<div class=\"flex_column av_one_third  flex_column_div   avia-builder-el-8  el_after_av_one_third  el_before_av_layout_row  avia-builder-el-last  column-top-margin\" ><\/div>\n<\/div><\/div><\/div><!-- close content main div --><\/div><\/div><div id='av-layout-grid-1'  class='av-layout-grid-container entry-content-wrapper main_color av-flex-cells     avia-builder-el-9  el_after_av_one_third  el_before_av_layout_row  submenu-not-first container_wrap fullsize' style=' '  >\n<div class=\"flex_cell no_margin av_one_half  avia-builder-el-10  el_before_av_cell_one_half  avia-builder-el-first   \" ><div class='flex_cell_inner' ><\/div><\/div> <div class=\"flex_cell no_margin av_one_half  avia-builder-el-11  el_after_av_cell_one_half  avia-builder-el-last   \" ><div class='flex_cell_inner' ><\/div><\/div>\n<\/div>\n<div id='av-layout-grid-2'  class='av-layout-grid-container entry-content-wrapper main_color av-flex-cells     avia-builder-el-12  el_after_av_layout_row  el_before_av_textblock  submenu-not-first container_wrap fullsize' style=' '  >\n<div class=\"flex_cell no_margin av_one_half  avia-builder-el-13  el_before_av_cell_one_half  avia-builder-el-first   \" ><div class='flex_cell_inner' ><\/div><\/div> <div class=\"flex_cell no_margin av_one_half  avia-builder-el-14  el_after_av_cell_one_half  avia-builder-el-last   \" ><div class='flex_cell_inner' ><\/div><\/div>\n<\/div><div id='after_submenu_2'  class='main_color av_default_container_wrap container_wrap fullsize' style=' '  ><div class='container' ><div class='template-page content  av-content-full alpha units'><div class='post-entry post-entry-type-page post-entry-4063'><div class='entry-content-wrapper clearfix'>\n<section class=\"av_textblock_section \"  itemscope=\"itemscope\" itemtype=\"https:\/\/schema.org\/CreativeWork\" ><div class='avia_textblock  '   itemprop=\"text\" ><\/div><\/section>\n","protected":false},"excerpt":{"rendered":"","protected":false},"author":1,"featured_media":0,"parent":0,"menu_order":7,"comment_status":"closed","ping_status":"closed","template":"","meta":{"footnotes":""},"_links":{"self":[{"href":"https:\/\/szugajew-agri.pl\/index.php?rest_route=\/wp\/v2\/pages\/4063"}],"collection":[{"href":"https:\/\/szugajew-agri.pl\/index.php?rest_route=\/wp\/v2\/pages"}],"about":[{"href":"https:\/\/szugajew-agri.pl\/index.php?rest_route=\/wp\/v2\/types\/page"}],"author":[{"embeddable":true,"href":"https:\/\/szugajew-agri.pl\/index.php?rest_route=\/wp\/v2\/users\/1"}],"replies":[{"embeddable":true,"href":"https:\/\/szugajew-agri.pl\/index.php?rest_route=%2Fwp%2Fv2%2Fcomments&post=4063"}],"version-history":[{"count":48,"href":"https:\/\/szugajew-agri.pl\/index.php?rest_route=\/wp\/v2\/pages\/4063\/revisions"}],"predecessor-version":[{"id":4317,"href":"https:\/\/szugajew-agri.pl\/index.php?rest_route=\/wp\/v2\/pages\/4063\/revisions\/4317"}],"wp:attachment":[{"href":"https:\/\/szugajew-agri.pl\/index.php?rest_route=%2Fwp%2Fv2%2Fmedia&parent=4063"}],"curies":[{"name":"wp","href":"https:\/\/api.w.org\/{rel}","templated":true}]}}